{"id":73,"date":"2024-08-15T17:54:55","date_gmt":"2024-08-15T17:54:55","guid":{"rendered":"https:\/\/andiasandiego.com\/hejmpago\/"},"modified":"2025-04-17T14:23:19","modified_gmt":"2025-04-17T14:23:19","slug":"hejmpago","status":"publish","type":"page","link":"https:\/\/andiasandiego.com\/eo\/","title":{"rendered":"Hejmpa\u011do"},"content":{"rendered":"\r\n<p>\u0108i tio estas ekzempla pa\u011do. \u011ci estas malsama ol bloga afi\u015do \u0109ar \u011di restos en unu loko kaj aperos en via retejo navigado (en la plej multaj temoj). Plej multaj homoj komencas kun Pri pa\u011do, kiu prezentas ilin al eblaj retejvizitantoj. \u011ci povus diri ion tian:<\/p>\r\n\r\n\r\n\r\n<blockquote class=\"wp-block-quote is-layout-flow wp-block-quote-is-layout-flow\">\r\n<p>Saluton! Mi estas bicikla mesa\u011disto tage, aspiranta aktoro nokte, kaj \u0109i tio estas mia retejo. Mi lo\u011das en Los-An\u011deleso, havas bonegan hundon nomitan Jack, kaj mi \u015datas pi\u00f1a koladas. (Kaj i\u011di kaptita en la pluvo.)<\/p>\r\n<\/blockquote>\r\n\r\n\r\n\r\n<p>&#8230; a\u016d io tia:<\/p>\r\n\r\n\r\n\r\n<blockquote class=\"wp-block-quote is-layout-flow wp-block-quote-is-layout-flow\">\r\n<p>La XYZ Doohickey Firmao estis fondita en 1971, kaj ekde tiam provizas kvalitajn doohickeys al publiko. Situanta en Gotham City, XYZ laborigas pli ol 2,000 homojn kaj faras \u0109iajn mirindajn aferojn por la Gotham-komunumo.<\/p>\r\n<\/blockquote>\r\n\r\n\r\n\r\n<p>Kiel nova WordPress-uzanto, vi devus iri al <a href=\"https:\/\/andiasandiego.com\/wp-admin\/\">via panelo<\/a> por forigi \u0109i tiun pa\u011don kaj krei novajn pa\u011dojn por via enhavo. Amuzi\u011du!<\/p>\r\n","protected":false},"excerpt":{"rendered":"<p>\u0108i tio estas ekzempla pa\u011do. \u011ci estas malsama ol bloga afi\u015do \u0109ar \u011di restos en unu loko kaj aperos en via retejo navigado (en la plej multaj temoj). Plej multaj homoj komencas kun Pri pa\u011do, kiu prezentas ilin al eblaj retejvizitantoj. \u011ci povus diri ion tian: Saluton! Mi estas bicikla mesa\u011disto tage, aspiranta aktoro nokte, [&hellip;]<\/p>\n","protected":false},"author":1,"featured_media":0,"parent":0,"menu_order":100,"comment_status":"closed","ping_status":"closed","template":"templates\/template-home-page.php","meta":{"_acf_changed":false,"footnotes":""},"class_list":["post-73","page","type-page","status-publish","hentry"],"acf":[],"_links":{"self":[{"href":"https:\/\/andiasandiego.com\/eo\/wp-json\/wp\/v2\/pages\/73","targetHints":{"allow":["GET"]}}],"collection":[{"href":"https:\/\/andiasandiego.com\/eo\/wp-json\/wp\/v2\/pages"}],"about":[{"href":"https:\/\/andiasandiego.com\/eo\/wp-json\/wp\/v2\/types\/page"}],"author":[{"embeddable":true,"href":"https:\/\/andiasandiego.com\/eo\/wp-json\/wp\/v2\/users\/1"}],"replies":[{"embeddable":true,"href":"https:\/\/andiasandiego.com\/eo\/wp-json\/wp\/v2\/comments?post=73"}],"version-history":[{"count":0,"href":"https:\/\/andiasandiego.com\/eo\/wp-json\/wp\/v2\/pages\/73\/revisions"}],"wp:attachment":[{"href":"https:\/\/andiasandiego.com\/eo\/wp-json\/wp\/v2\/media?parent=73"}],"curies":[{"name":"wp","href":"https:\/\/api.w.org\/{rel}","templated":true}]}}