{"id":1053,"date":"2025-04-08T18:28:48","date_gmt":"2025-04-08T18:28:48","guid":{"rendered":"https:\/\/andiasandiego.com\/?page_id=1053"},"modified":"2025-04-08T18:42:59","modified_gmt":"2025-04-08T18:42:59","slug":"andia-broker-policy","status":"publish","type":"page","link":"https:\/\/andiasandiego.com\/eo\/andia-broker-policy\/","title":{"rendered":"Andia Broker Policy"},"content":{"rendered":"<p class=\"\" data-start=\"55\" data-end=\"111\"><strong data-start=\"55\" data-end=\"111\">PROGRAMA Y DIRECTRICES PARA CORREDORES COLABORADORES<\/strong><\/p>\n<p class=\"\" data-start=\"113\" data-end=\"738\">Al registrar a tus clientes a trav\u00e9s del Programa de Corredores Colaboradores con Bosa Development, tanto t\u00fa como tu cliente podr\u00e1n beneficiarse del programa de marketing profesional ofrecido por Andia. Por cada cliente que registres y sea aprobado, ser\u00e1s incluido en la base de datos de Andia como el Corredor asignado por un per\u00edodo de 120 d\u00edas a partir de la fecha de registro del cliente. Luego, se te asignar\u00e1 un Asesor de Ventas que actuar\u00e1 como tu gu\u00eda. Este asesor trabajar\u00e1 directamente con tu cliente para asegurarse de que reciba la informaci\u00f3n tan pronto como sea publicada, y te involucrar\u00e1 tanto como t\u00fa desees.<\/p>\n<p class=\"\" data-start=\"740\" data-end=\"810\">Todas las registraciones estar\u00e1n sujetas a las siguientes directrices:<\/p>\n<ul data-start=\"812\" data-end=\"2901\">\n<li class=\"\" data-start=\"812\" data-end=\"1192\">\n<p class=\"\" data-start=\"814\" data-end=\"1192\">Debe proporcionarse informaci\u00f3n de contacto completa de cada cliente para ser registrado en nuestra base de datos utilizando el Formulario de Registro de Clientes para Corredores de Andia. Este formulario debe estar firmado tanto por el cliente como por el corredor. La informaci\u00f3n del cliente debe incluir su nombre completo, direcci\u00f3n, correo electr\u00f3nico y n\u00famero de tel\u00e9fono.<\/p>\n<\/li>\n<li class=\"\" data-start=\"1193\" data-end=\"1512\">\n<p class=\"\" data-start=\"1195\" data-end=\"1512\">El formulario debe ser completado, firmado y confirmado por Andia <strong data-start=\"1261\" data-end=\"1270\">antes<\/strong> de que el cliente tenga contacto con Andia para que sea v\u00e1lido. El formulario puede ser enviado por correo electr\u00f3nico a un miembro del equipo de ventas de Andia o, preferiblemente, entregado en persona durante la primera visita del cliente.<\/p>\n<\/li>\n<li class=\"\" data-start=\"1513\" data-end=\"1800\">\n<p class=\"\" data-start=\"1515\" data-end=\"1800\">Verificaremos si existe alg\u00fan conflicto en nuestra base de datos y, siempre que la referencia no haya sido registrada previamente, nuestro objetivo es confirmar la registraci\u00f3n dentro de dos (2) d\u00edas h\u00e1biles. En la mayor\u00eda de los casos no existe conflicto y el cliente ser\u00e1 registrado.<\/p>\n<\/li>\n<li class=\"\" data-start=\"1801\" data-end=\"2208\">\n<p class=\"\" data-start=\"1803\" data-end=\"2208\">Cada cliente y corredor registrados v\u00e1lidamente ser\u00e1n asignados a un Asesor de Ventas de Andia y a\u00f1adidos a la base de datos, con el nombre del corredor vinculado al registro por 120 d\u00edas desde la fecha de registro. En caso de que el corredor no est\u00e9 presente durante la registraci\u00f3n, el asesor asignado deber\u00e1 establecer contacto con el corredor para discutir informaci\u00f3n \u00fatil sobre el cliente potencial.<\/p>\n<\/li>\n<li class=\"\" data-start=\"2209\" data-end=\"2901\">\n<p class=\"\" data-start=\"2211\" data-end=\"2370\">Una vez que el cliente est\u00e9 registrado y confirmado por Andia, ganar\u00e1s una comisi\u00f3n del <strong data-start=\"2299\" data-end=\"2333\">2.5% del Precio Neto de Compra<\/strong>, sujeto a los siguientes requisitos:<\/p>\n<ul data-start=\"2373\" data-end=\"2901\">\n<li class=\"\" data-start=\"2373\" data-end=\"2452\">\n<p class=\"\" data-start=\"2375\" data-end=\"2452\">No hayan transcurrido m\u00e1s de 120 d\u00edas desde la fecha de registro del cliente.<\/p>\n<\/li>\n<li class=\"\" data-start=\"2455\" data-end=\"2595\">\n<p class=\"\" data-start=\"2457\" data-end=\"2595\">El Acuerdo de Compra de Andia y las Instrucciones de Dep\u00f3sito en Custodia deben estar debidamente firmados por el Comprador y el Vendedor.<\/p>\n<\/li>\n<li class=\"\" data-start=\"2598\" data-end=\"2708\">\n<p class=\"\" data-start=\"2600\" data-end=\"2708\">El Acuerdo de Comisi\u00f3n del Corredor de Andia debe estar completamente ejecutado entre t\u00fa y Bosa Development.<\/p>\n<\/li>\n<li class=\"\" data-start=\"2711\" data-end=\"2901\">\n<p class=\"\" data-start=\"2713\" data-end=\"2901\">El dep\u00f3sito en custodia debe cerrarse. La comisi\u00f3n no se considerar\u00e1 ganada ni se pagar\u00e1 si el cierre no se concreta por cualquier motivo, incluyendo incumplimiento por parte del Vendedor.<\/p>\n<\/li>\n<\/ul>\n<\/li>\n<\/ul>\n<p class=\"\" data-start=\"2908\" data-end=\"2979\"><strong data-start=\"2908\" data-end=\"2979\">DIRECTRICES DE MARKETING DEL PROGRAMA PARA CORREDORES COLABORADORES<\/strong><\/p>\n<p class=\"\" data-start=\"2981\" data-end=\"3528\">Valoramos las relaciones existentes que tiene el corredor y aquellas que desarrolla en el curso normal de su labor como agente de reventa. Nuestro objetivo es facilitarte la promoci\u00f3n de nuestro proyecto entre tu base de clientes actual. Esto lo logramos proporcionando materiales de marketing de alta calidad aprobados por Andia, incluyendo el logotipo del proyecto, im\u00e1genes renderizadas, fotograf\u00edas e informaci\u00f3n sobre el proyecto. Como parte de nuestro programa, requerimos que sigas estas directrices al trabajar con nosotros en el proyecto:<\/p>\n<ul data-start=\"3530\" data-end=\"4778\">\n<li class=\"\" data-start=\"3530\" data-end=\"3952\">\n<p class=\"\" data-start=\"3532\" data-end=\"3952\">La informaci\u00f3n puesta a disposici\u00f3n del p\u00fablico a trav\u00e9s de herramientas de marketing de agentes, como sitios web, videos o materiales impresos, debe ser precisa. En caso de que haya informaci\u00f3n inexacta, se te pedir\u00e1 que la actualices o elimines dentro de un plazo de 24 horas. Siempre recomendamos que nos involucres en la creaci\u00f3n de tus herramientas de marketing desde una etapa temprana para verificar su precisi\u00f3n.<\/p>\n<\/li>\n<li class=\"\" data-start=\"3953\" data-end=\"4527\">\n<p class=\"\" data-start=\"3955\" data-end=\"4302\">El uso por parte de los corredores de materiales promocionales como logotipos del proyecto, im\u00e1genes renderizadas, fotograf\u00edas, planos o textos, debe ser aprobado con antelaci\u00f3n por Bosa Development y Rennie Group. Debe mostrarse visiblemente en los materiales del agente el n\u00famero DRE# 02248150 junto con el siguiente descargo de responsabilidad:<\/p>\n<\/li>\n<li class=\"\" data-start=\"3953\" data-end=\"4527\">\n<p class=\"\" data-start=\"3955\" data-end=\"4302\">\u201cEl corredor no es un representante directo de Bosa Development (Andia) LP, una sociedad limitada de California. Bosa Development no se responsabiliza por ninguna modificaci\u00f3n o tergiversaci\u00f3n de la oferta del producto.\u201d<\/p>\n<\/li>\n<li class=\"\" data-start=\"4528\" data-end=\"4778\">\n<p class=\"\" data-start=\"4530\" data-end=\"4778\">No se permitir\u00e1n sitios web espec\u00edficos del proyecto, pero puedes utilizar los materiales promocionales provistos y aprobados por Bosa Development y Rennie Group como parte de tu sitio web existente, incluyendo el proyecto como propiedad destacada.<\/p>\n<\/li>\n<\/ul>\n","protected":false},"excerpt":{"rendered":"<p>PROGRAMA Y DIRECTRICES PARA CORREDORES COLABORADORES Al registrar a tus clientes a trav\u00e9s del Programa de Corredores Colaboradores con Bosa Development, tanto t\u00fa como tu cliente podr\u00e1n beneficiarse del programa de marketing profesional ofrecido por Andia. Por cada cliente que registres y sea aprobado, ser\u00e1s incluido en la base de datos de Andia como el [&hellip;]<\/p>\n","protected":false},"author":1,"featured_media":0,"parent":0,"menu_order":255,"comment_status":"closed","ping_status":"closed","template":"","meta":{"_acf_changed":false,"footnotes":""},"class_list":["post-1053","page","type-page","status-publish","hentry"],"acf":[],"_links":{"self":[{"href":"https:\/\/andiasandiego.com\/eo\/wp-json\/wp\/v2\/pages\/1053","targetHints":{"allow":["GET"]}}],"collection":[{"href":"https:\/\/andiasandiego.com\/eo\/wp-json\/wp\/v2\/pages"}],"about":[{"href":"https:\/\/andiasandiego.com\/eo\/wp-json\/wp\/v2\/types\/page"}],"author":[{"embeddable":true,"href":"https:\/\/andiasandiego.com\/eo\/wp-json\/wp\/v2\/users\/1"}],"replies":[{"embeddable":true,"href":"https:\/\/andiasandiego.com\/eo\/wp-json\/wp\/v2\/comments?post=1053"}],"version-history":[{"count":0,"href":"https:\/\/andiasandiego.com\/eo\/wp-json\/wp\/v2\/pages\/1053\/revisions"}],"wp:attachment":[{"href":"https:\/\/andiasandiego.com\/eo\/wp-json\/wp\/v2\/media?parent=1053"}],"curies":[{"name":"wp","href":"https:\/\/api.w.org\/{rel}","templated":true}]}}